{"id":31055,"date":"2018-05-29T09:58:11","date_gmt":"2018-05-29T07:58:11","guid":{"rendered":"https:\/\/www.orec.cz\/?page_id=31055"},"modified":"2023-04-29T23:35:32","modified_gmt":"2023-04-29T21:35:32","slug":"kontakt","status":"publish","type":"page","link":"https:\/\/www.orec.sk\/?page_id=31055","title":{"rendered":"Kontakt"},"content":{"rendered":"<div class=\"mxn-fe-row mxn_row1-31055   mxn-disabled     mxn-row-full-background\"><div class=\"mxn-row-inner-fullb\">\n\t\t\t<div class=\"mxn-fe-column-split mxn-fe-column-split-1-1  mxn_splitter2-31055\">\n\t\t\t\t\n\t\t\t<div class=\"mxn-fe-column mxn-fe-column-1-1  mxn_column3-31055\">\n\n\t\t\t[maxon_page_embed  page_id=&#8220;31144&#8243;][\/maxon_page_embed]\n\t\t\t\t\t<div class=\"mxn-addon-heading-15761c308e8b7c  mxn_wrapper_box_heading mxn-addon\" >\n\t\t\t\t\t\t<div class=\"mxn-container\">\n\t\t\t\t\t\t\t\n\t\t\t\t\t<h1 class=\"mxn_text_1_box_heading mxn_textbox\"><p>KONTAKTN\u00c9 INFORM\u00c1CIE<\/p><\/h1><div class=\"spacer\"><\/div>\n\t\t\t\t\t<div class=\"mxn_box_1_heading\">\n\t\t\t\t\t\t\n\t\t\t\t\t<\/div>\n\t\t\t\t\t\n\t\t\t\t\t<div class=\"mxn_icon_1_box_heading\">\n\t\t\t\t\t\t<div class=\"mxn_icon_1_heading\">\n\t\t\t\t\t\t<\/div>\n\t\t\t\t\t<\/div>\n\t\t\t\t\t\n\t\t\t\t\t\t<\/div>\n\t\t\t\t\t<\/div>\n\t\t\t\t\t<div class=\"spacer\"><\/div>\n\t\t\t\t\t<div class=\"mxn-addon-textblock-156fe56c74bda7  mxn_wrapper_box_textblock mxn-addon\" >\n\t\t\t\t\t\t<div class=\"mxn-container\">\n\t\t\t\t\t\t\t\n\t\t\t\t\t<div class=\"mxn_text_1_box_textblock mxn_textbox\"><p><span style=\"color: #00994d;\"><strong>Vlastimil \u0160i\u0161ka &#8211; LESTECH<\/strong><\/span><br \/><strong>S\u00eddlo spolo\u010dnosti, centr\u00e1lny sklad pre SR<\/strong><br \/>Kru\u0161ovsk\u00e1 4646\/78, 955 01 Topo\u013e\u010dany<\/p>\n<p>Tel.: +421 905 380 152<\/p>\n<p>I\u010cO: 33674515<br \/>DI\u010c: SK1020448099<\/p>\n<p>E-mail: <a href=\"mailto:info@eurogreen.cz\">lestech@lestech.sk<\/a><br \/><a href=\"http:\/\/www.lestech.sk\">www.lestech.sk<\/a><\/p>\n<\/div><div class=\"spacer\"><\/div>\n\t\t\t\t\t\t<\/div>\n\t\t\t\t\t<\/div>\n\t\t\t\t\t<div class=\"spacer\"><\/div>\n\n\t\t\t<\/div>\n\t\t<script type='text\/javascript'>\n\t\t\t\tjQuery(document).ready(function() {\n\n\t\t\t\t});\n\t\t\t\t<\/script>\n\t\t\t<div class=\"mxn-fe-column mxn-fe-column-1-3  mxn_column4-31055\">\n\n\t\t\t\n\n\t\t\t<\/div>\n\t\t<script type='text\/javascript'>\n\t\t\t\tjQuery(document).ready(function() {\n\n\t\t\t\t});\n\t\t\t\t<\/script>\n\t\t\t<div class=\"mxn-fe-column mxn-fe-column-1-3  mxn_column5-31055\">\n\n\t\t\t\n\n\t\t\t<\/div>\n\t\t<script type='text\/javascript'>\n\t\t\t\tjQuery(document).ready(function() {\n\n\t\t\t\t});\n\t\t\t\t<\/script>\n\t\t\t<div class=\"mxn-fe-column mxn-fe-column-1-3  mxn_column6-31055\">\n\n\t\t\t\n\n\t\t\t<\/div>\n\t\t<script type='text\/javascript'>\n\t\t\t\tjQuery(document).ready(function() {\n\n\t\t\t\t});\n\t\t\t\t<\/script>\n\t\t\t<\/div><script type='text\/javascript'>\n\t\t\t\tjQuery(document).ready(function() {\n\n\t\t\t\t});\n\t\t\t\t<\/script><\/div><\/div><script type='text\/javascript'>\n\t\t\t\t\tjQuery(window).load(function() {\n\t\t\t\t\n\t\t\t\t\t});\n\t\t\t\t<\/script><div class=\"mxn-fe-row mxn_row7-31055   mxn-disabled     mxn-row-layout\"><div>\n\t\t\t<div class=\"mxn-fe-column mxn-fe-column-1-1  mxn_column8-31055\">\n\n\t\t\t[maxon_page_embed page_id=&#8220;31128&#8243;][\/maxon_page_embed]\n\n\t\t\t<\/div>\n\t\t<script type='text\/javascript'>\n\t\t\t\tjQuery(document).ready(function() {\n\n\t\t\t\t});\n\t\t\t\t<\/script><\/div><\/div><script type='text\/javascript'>\n\t\t\t\t\tjQuery(window).load(function() {\n\t\t\t\t\n\t\t\t\t\t});\n\t\t\t\t<\/script>","protected":false},"excerpt":{"rendered":"","protected":false},"author":1,"featured_media":0,"parent":0,"menu_order":0,"comment_status":"closed","ping_status":"closed","template":"","meta":{"inline_featured_image":false,"footnotes":""},"class_list":["post-31055","page","type-page","status-publish","hentry"],"_links":{"self":[{"href":"https:\/\/www.orec.sk\/index.php?rest_route=\/wp\/v2\/pages\/31055","targetHints":{"allow":["GET"]}}],"collection":[{"href":"https:\/\/www.orec.sk\/index.php?rest_route=\/wp\/v2\/pages"}],"about":[{"href":"https:\/\/www.orec.sk\/index.php?rest_route=\/wp\/v2\/types\/page"}],"author":[{"embeddable":true,"href":"https:\/\/www.orec.sk\/index.php?rest_route=\/wp\/v2\/users\/1"}],"replies":[{"embeddable":true,"href":"https:\/\/www.orec.sk\/index.php?rest_route=%2Fwp%2Fv2%2Fcomments&post=31055"}],"version-history":[{"count":6,"href":"https:\/\/www.orec.sk\/index.php?rest_route=\/wp\/v2\/pages\/31055\/revisions"}],"predecessor-version":[{"id":33144,"href":"https:\/\/www.orec.sk\/index.php?rest_route=\/wp\/v2\/pages\/31055\/revisions\/33144"}],"wp:attachment":[{"href":"https:\/\/www.orec.sk\/index.php?rest_route=%2Fwp%2Fv2%2Fmedia&parent=31055"}],"curies":[{"name":"wp","href":"https:\/\/api.w.org\/{rel}","templated":true}]}}